{"id":76,"date":"2021-11-25T18:50:35","date_gmt":"2021-11-25T18:50:35","guid":{"rendered":"https:\/\/mexicohealthdestination.com\/?page_id=76"},"modified":"2021-11-25T18:51:52","modified_gmt":"2021-11-25T18:51:52","slug":"mexico-health-destination-en-cancun","status":"publish","type":"page","link":"https:\/\/mexicohealthdestination.com\/index.php\/mexico-health-destination-en-cancun\/","title":{"rendered":"Mexico Health Destination en Canc\u00fan"},"content":{"rendered":"<h1 style=\"text-align: center;\">Mexico Health Destination en Canc\u00fan<\/h1>\n<p><img loading=\"lazy\" class=\"aligncenter wp-image-78 size-full\" src=\"https:\/\/mexicohealthdestination.com\/wp-content\/uploads\/2021\/11\/mexicohealthdestination-cancun.jpg\" alt=\"Mexico Health Destination en Cancun\" width=\"850\" height=\"567\" srcset=\"https:\/\/mexicohealthdestination.com\/wp-content\/uploads\/2021\/11\/mexicohealthdestination-cancun.jpg 850w, https:\/\/mexicohealthdestination.com\/wp-content\/uploads\/2021\/11\/mexicohealthdestination-cancun-300x200.jpg 300w, https:\/\/mexicohealthdestination.com\/wp-content\/uploads\/2021\/11\/mexicohealthdestination-cancun-768x512.jpg 768w\" sizes=\"(max-width: 850px) 100vw, 850px\" \/><\/p>\n<p style=\"text-align: center;\">Mexico Health Destination en Canc\u00fan, somos facilitadores de Turismo M\u00e9dico,<\/p>\n<div id='gallery-1' class='gallery galleryid-76 gallery-columns-3 gallery-size-medium'><figure class='gallery-item'>\n\t\t\t<div class='gallery-icon landscape'>\n\t\t\t\t<a href='https:\/\/mexicohealthdestination.com\/index.php\/mexico-health-destination-en-cancun\/mexicohealthdestinationcancun\/'><img width=\"300\" height=\"176\" src=\"https:\/\/mexicohealthdestination.com\/wp-content\/uploads\/2021\/11\/mexicohealthdestinationcancun-300x176.jpg\" class=\"attachment-medium size-medium\" alt=\"\" loading=\"lazy\" srcset=\"https:\/\/mexicohealthdestination.com\/wp-content\/uploads\/2021\/11\/mexicohealthdestinationcancun-300x176.jpg 300w, https:\/\/mexicohealthdestination.com\/wp-content\/uploads\/2021\/11\/mexicohealthdestinationcancun-1024x599.jpg 1024w, https:\/\/mexicohealthdestination.com\/wp-content\/uploads\/2021\/11\/mexicohealthdestinationcancun-768x449.jpg 768w, https:\/\/mexicohealthdestination.com\/wp-content\/uploads\/2021\/11\/mexicohealthdestinationcancun.jpg 1080w\" sizes=\"(max-width: 300px) 100vw, 300px\" \/><\/a>\n\t\t\t<\/div><\/figure><figure class='gallery-item'>\n\t\t\t<div class='gallery-icon landscape'>\n\t\t\t\t<a href='https:\/\/mexicohealthdestination.com\/index.php\/mexico-health-destination-en-cancun\/mexicohealthdestination-amerimed-cancun\/'><img width=\"300\" height=\"211\" src=\"https:\/\/mexicohealthdestination.com\/wp-content\/uploads\/2021\/11\/mexicohealthdestination-amerimed-cancun-300x211.jpg\" class=\"attachment-medium size-medium\" alt=\"\" loading=\"lazy\" srcset=\"https:\/\/mexicohealthdestination.com\/wp-content\/uploads\/2021\/11\/mexicohealthdestination-amerimed-cancun-300x211.jpg 300w, https:\/\/mexicohealthdestination.com\/wp-content\/uploads\/2021\/11\/mexicohealthdestination-amerimed-cancun.jpg 474w\" sizes=\"(max-width: 300px) 100vw, 300px\" \/><\/a>\n\t\t\t<\/div><\/figure><figure class='gallery-item'>\n\t\t\t<div class='gallery-icon landscape'>\n\t\t\t\t<a href='https:\/\/mexicohealthdestination.com\/index.php\/mexico-health-destination-en-cancun\/mexicohealthdestination-hospiten-cancun\/'><img width=\"300\" height=\"168\" src=\"https:\/\/mexicohealthdestination.com\/wp-content\/uploads\/2021\/11\/mexicohealthdestination-hospiten-cancun-300x168.jpeg\" class=\"attachment-medium size-medium\" alt=\"\" loading=\"lazy\" srcset=\"https:\/\/mexicohealthdestination.com\/wp-content\/uploads\/2021\/11\/mexicohealthdestination-hospiten-cancun-300x168.jpeg 300w, https:\/\/mexicohealthdestination.com\/wp-content\/uploads\/2021\/11\/mexicohealthdestination-hospiten-cancun.jpeg 739w\" sizes=\"(max-width: 300px) 100vw, 300px\" \/><\/a>\n\t\t\t<\/div><\/figure>\n\t\t<\/div>\n\n<p style=\"text-align: center;\"><div class=\"su-youtube su-u-responsive-media-yes\"><iframe width=\"740\" height=\"400\" src=\"https:\/\/www.youtube.com\/embed\/4QQifOcOkJg?autohide=2&amp;autoplay=0&amp;mute=0&amp;controls=1&amp;fs=1&amp;loop=0&amp;modestbranding=0&amp;rel=1&amp;showinfo=1&amp;theme=dark&amp;wmode=&amp;playsinline=0\" frameborder=\"0\" allowfullscreen allow=\"autoplay; encrypted-media; picture-in-picture\" title=\"\"><\/iframe><\/div>\n<p style=\"text-align: center;\">Contacto:<\/p>\n<p>&nbsp;<\/p>\n","protected":false},"excerpt":{"rendered":"<p>Mexico Health Destination en Canc\u00fan Mexico Health Destination en Canc\u00fan, somos facilitadores de Turismo M\u00e9dico, Contacto: &nbsp;<\/p>\n","protected":false},"author":1,"featured_media":0,"parent":0,"menu_order":0,"comment_status":"closed","ping_status":"closed","template":"","meta":{"_genesis_hide_title":false,"_genesis_hide_breadcrumbs":false,"_genesis_hide_singular_image":false,"_genesis_hide_footer_widgets":false,"_genesis_custom_body_class":"","_genesis_custom_post_class":"","_genesis_layout":"","ngg_post_thumbnail":0},"_links":{"self":[{"href":"https:\/\/mexicohealthdestination.com\/index.php\/wp-json\/wp\/v2\/pages\/76"}],"collection":[{"href":"https:\/\/mexicohealthdestination.com\/index.php\/wp-json\/wp\/v2\/pages"}],"about":[{"href":"https:\/\/mexicohealthdestination.com\/index.php\/wp-json\/wp\/v2\/types\/page"}],"author":[{"embeddable":true,"href":"https:\/\/mexicohealthdestination.com\/index.php\/wp-json\/wp\/v2\/users\/1"}],"replies":[{"embeddable":true,"href":"https:\/\/mexicohealthdestination.com\/index.php\/wp-json\/wp\/v2\/comments?post=76"}],"version-history":[{"count":4,"href":"https:\/\/mexicohealthdestination.com\/index.php\/wp-json\/wp\/v2\/pages\/76\/revisions"}],"predecessor-version":[{"id":84,"href":"https:\/\/mexicohealthdestination.com\/index.php\/wp-json\/wp\/v2\/pages\/76\/revisions\/84"}],"wp:attachment":[{"href":"https:\/\/mexicohealthdestination.com\/index.php\/wp-json\/wp\/v2\/media?parent=76"}],"curies":[{"name":"wp","href":"https:\/\/api.w.org\/{rel}","templated":true}]}}