{"id":103,"date":"2021-11-25T21:23:58","date_gmt":"2021-11-25T21:23:58","guid":{"rendered":"https:\/\/mexicohealthdestination.com\/?page_id=103"},"modified":"2021-11-25T21:24:14","modified_gmt":"2021-11-25T21:24:14","slug":"103-2","status":"publish","type":"page","link":"https:\/\/mexicohealthdestination.com\/index.php\/103-2\/","title":{"rendered":"Pol\u00edticas de Privacidad"},"content":{"rendered":"<p>Copyright \u00a9&nbsp;2021 \u00b7&nbsp;<a href=\"http:\/\/my.studiopress.com\/themes\/news\/\">News Pro<\/a>&nbsp;on&nbsp;<a href=\"https:\/\/www.studiopress.com\/\">Genesis Framework<\/a>&nbsp;\u00b7&nbsp;<a href=\"https:\/\/wordpress.org\/\">WordPress<\/a>&nbsp;\u00b7&nbsp;<a href=\"https:\/\/mexicohealthdestination.com\/wp-login.php?action=logout&amp;_wpnonce=58159fdf3b\">Log out<\/a><\/p>\n<p>POL\u00cdTICA DE PRIVACIDAD<\/p>\n<p>La presente Pol\u00edtica de Privacidad establece los t\u00e9rminos en que Mexico Health Destination usa y protege la informaci\u00f3n que es proporcionada por sus usuarios al momento de utilizar su sitio web. Esta compa\u00f1\u00eda est\u00e1 comprometida con la seguridad de los datos de sus usuarios. Cuando le pedimos llenar los campos de informaci\u00f3n personal con la cual usted pueda ser identificado, lo hacemos asegurando que s\u00f3lo se emplear\u00e1 de acuerdo con los t\u00e9rminos de est edocumento. Sin embargo, esta Pol\u00edtica de Privacidad puede cambiar con el tiempo o ser actualizada por lo que le recomendamos y enfatizamos reisar continuamente esta p\u00e1gina para asegurarse que est\u00e1 de acuerdo con dichos cambios.<\/p>\n<p>&nbsp;<\/p>\n<p>Informaci\u00f3n que es recogidad.<\/p>\n<p>Nuestor sitio web podr\u00e1 recoger informaci\u00f3n personal por ejemplo: Nombre, informaci\u00f3n de contacto mo es su direcci\u00f3n de correo electr\u00f3nico e informaci\u00f3n demogr\u00e1fica. As\u00ed mismo cuando sea necesario podr\u00e1 ser requerida informaci\u00f3ne spec\u00edfica para procesar alg\u00fan pedido o realizar una entrega o&nbsp; facturaci\u00f3n.<\/p>\n<p>&nbsp;<\/p>\n<p>Uso de la informaci\u00f3n recogida<\/p>\n<p>Nuestro sitio web emplea la informaci\u00f3n con el fin de proporcionar el mejor servicio posible, particularmente para mantener un registro de usuarios, de pedidos en caso que aplique, y mejor nuestros productos y servicios. es posible que sean enviados correos electrnicos peri\u00f3dicamente a trav\u00e9s de nuestro sitio con ofertas especiales, nuevos productos y otra informaci\u00f3n publicitaria que consideremos relevante para usted o que pueda brindarle alg\u00fan beneficio, estos correos electr\u00f3nicos ser\u00e1n enviados a la direcci\u00f3n que usted proporcione y podr\u00e1n ser canclados en cualquier momento.<\/p>\n<p>Mexico Health Destination est\u00e1 altamente comprometida para cumplir con el compromiso de mantener su informaci\u00f3n segura. Usamos los sistemas m\u00e1s avanzados y los actualizamos constantemente para asegurarnos que no exista ning\u00fan acceso no autorizado.<\/p>\n<p>&nbsp;<\/p>\n<p>Cookies<\/p>\n<p>Una cookie se refiere a un fichero que es enviado con la finalidad de solicitar permiso para almacenarse en sus ordenador, al aceptar dicho fichero se crea y la cookie sirve entonces para tener informaci\u00f3n respecto al trafico web, y tambi\u00e9n facilita las futuras visisa a una web recurrente. otra funci\u00f3n que tienen las cookies es que con ellas las web pueden reconocerte individualmente y por lo tanto brindarte el mejor servicio personalizado de su web.<\/p>\n<p>&nbsp;<\/p>\n<p>Nuestro sitio web emplea las cookies para poder identificar las p\u00e1ginas que son visitadas y su frecuencia. ESta informaci\u00f3n es empleada \u00fanicamente para an\u00e1lisis estad\u00edstico y depu+es la informaci\u00f3ns e elimina de forma permanente. Usted puede eliminar las cookies en cualquier momento desde su ordenador. Sin embargo, las cookies ayudan a proporcionar un mejor servicio de los sitios web, est\u00e1s no dan acceso a informaci\u00f3n de su ordenador ni de usted, a menos que usted as\u00ed lo quiera y la proporcione directamente Noticias. Usted puede aceptar o negar el uso de cookies, sin embargo, la mayor\u00eda de navegadores aceptan cookies autom\u00e1ticamente pues sirve para tener un mejor servicio web. tLambi\u00e9n usted puede cambiar la configuraci\u00f3n de su ordenador para declinar las cookies. Si se declinan es posible que no pueda utilizar alguna de nuestor sservicios<\/p>\n<p>&nbsp;<\/p>\n<p>Enlaces a Terceros<\/p>\n<p>&nbsp;<\/p>\n<p>Control de su informaci\u00f3n Personal<\/p>\n<p>&nbsp;<\/p>\n<p>&nbsp;<\/p>\n","protected":false},"excerpt":{"rendered":"<p>Copyright \u00a9&nbsp;2021 \u00b7&nbsp;News Pro&nbsp;on&nbsp;Genesis Framework&nbsp;\u00b7&nbsp;WordPress&nbsp;\u00b7&nbsp;Log out POL\u00cdTICA DE PRIVACIDAD La presente Pol\u00edtica de Privacidad establece los t\u00e9rminos en que Mexico Health Destination usa y protege la informaci\u00f3n que es proporcionada por sus usuarios al momento de utilizar su sitio web. Esta compa\u00f1\u00eda est\u00e1 comprometida con la seguridad de los datos de sus usuarios. Cuando le [&hellip;]<\/p>\n","protected":false},"author":1,"featured_media":0,"parent":0,"menu_order":0,"comment_status":"closed","ping_status":"closed","template":"","meta":{"_genesis_hide_title":false,"_genesis_hide_breadcrumbs":false,"_genesis_hide_singular_image":false,"_genesis_hide_footer_widgets":false,"_genesis_custom_body_class":"","_genesis_custom_post_class":"","_genesis_layout":"","ngg_post_thumbnail":0},"_links":{"self":[{"href":"https:\/\/mexicohealthdestination.com\/index.php\/wp-json\/wp\/v2\/pages\/103"}],"collection":[{"href":"https:\/\/mexicohealthdestination.com\/index.php\/wp-json\/wp\/v2\/pages"}],"about":[{"href":"https:\/\/mexicohealthdestination.com\/index.php\/wp-json\/wp\/v2\/types\/page"}],"author":[{"embeddable":true,"href":"https:\/\/mexicohealthdestination.com\/index.php\/wp-json\/wp\/v2\/users\/1"}],"replies":[{"embeddable":true,"href":"https:\/\/mexicohealthdestination.com\/index.php\/wp-json\/wp\/v2\/comments?post=103"}],"version-history":[{"count":2,"href":"https:\/\/mexicohealthdestination.com\/index.php\/wp-json\/wp\/v2\/pages\/103\/revisions"}],"predecessor-version":[{"id":105,"href":"https:\/\/mexicohealthdestination.com\/index.php\/wp-json\/wp\/v2\/pages\/103\/revisions\/105"}],"wp:attachment":[{"href":"https:\/\/mexicohealthdestination.com\/index.php\/wp-json\/wp\/v2\/media?parent=103"}],"curies":[{"name":"wp","href":"https:\/\/api.w.org\/{rel}","templated":true}]}}